{"id":48,"date":"2021-04-03T13:27:10","date_gmt":"2021-04-03T11:27:10","guid":{"rendered":"https:\/\/valandt.cluster028.hosting.ovh.net\/?page_id=48"},"modified":"2021-05-10T15:14:24","modified_gmt":"2021-05-10T13:14:24","slug":"politique-de-confidentialite","status":"publish","type":"page","link":"https:\/\/valandretriathlon.fr\/index.php\/politique-de-confidentialite\/","title":{"rendered":"Politique de Confidentialit\u00e9"},"content":{"rendered":"\t\t<div data-elementor-type=\"wp-page\" data-elementor-id=\"48\" class=\"elementor elementor-48\">\n\t\t\t\t\t\t\t\t\t<section class=\"elementor-section elementor-top-section elementor-element elementor-element-09de7b2 elementor-section-boxed elementor-section-height-default elementor-section-height-default\" data-id=\"09de7b2\" data-element_type=\"section\">\n\t\t\t\t\t\t<div class=\"elementor-container elementor-column-gap-default\">\n\t\t\t\t\t<div class=\"elementor-column elementor-col-100 elementor-top-column elementor-element elementor-element-8b41fd8\" data-id=\"8b41fd8\" data-element_type=\"column\">\n\t\t\t<div class=\"elementor-widget-wrap elementor-element-populated\">\n\t\t\t\t\t\t\t\t<div class=\"elementor-element elementor-element-e56488c elementor-widget elementor-widget-heading\" data-id=\"e56488c\" data-element_type=\"widget\" data-widget_type=\"heading.default\">\n\t\t\t\t<div class=\"elementor-widget-container\">\n\t\t\t<h1 class=\"elementor-heading-title elementor-size-default\">Politique de confidentialit\u00e9<\/h1>\t\t<\/div>\n\t\t\t\t<\/div>\n\t\t\t\t<div class=\"elementor-element elementor-element-a2f1039 elementor-widget elementor-widget-text-editor\" data-id=\"a2f1039\" data-element_type=\"widget\" data-widget_type=\"text-editor.default\">\n\t\t\t\t<div class=\"elementor-widget-container\">\n\t\t\t\t\t\t\t<p align=\"center\"><span style=\"font-family: Roboto;\"><span style=\"color: #262626;\"><span style=\"font-size: large;\"><b>Politique de confidentialit\u00e9 du site<\/b><\/span><\/span><\/span><\/p><p align=\"center\"><span style=\"font-family: Roboto;\"><span style=\"color: #262626;\"><span style=\"font-size: large;\"><b>www.valandretriathlon.fr<\/b><\/span><\/span><\/span><\/p><p><span style=\"font-family: Roboto;\"><span style=\"color: #262626;\"><b>Pr\u00e9ambule<\/b><\/span><\/span><\/p><p><span style=\"color: #404040;\"><span style=\"font-family: Roboto;\">Cette politique de confidentialit\u00e9 s\u2019applique au site\u00a0: <\/span><\/span><span style=\"color: #0563c1;\"><u><a href=\"http:\/\/www.valandretriathlon.fr\/\"><span style=\"color: #404040;\"><span style=\"font-family: Roboto;\">www.valandretriathlon.fr<\/span><\/span><\/a><\/u><\/span><\/p><p><span style=\"font-family: Roboto;\"><span style=\"color: #404040;\">La pr\u00e9sente politique de confidentialit\u00e9 a pour but d\u2019exposer aux utilisateur du site\u00a0:<\/span><\/span><\/p><ul><li style=\"list-style-type: none;\"><ul><li><span style=\"color: #404040; font-size: 16px; font-family: Roboto;\">La mani\u00e8re dont sont collect\u00e9es et trait\u00e9es leurs donn\u00e9es \u00e0 caract\u00e8re personnel. Doivent \u00eatre consid\u00e9r\u00e9es comme donn\u00e9es personnelles toutes les donn\u00e9es \u00e9tant susceptibles d\u2019identifier un utilisateur. Il s\u2019agit notamment du nom\/pr\u00e9nom, adresse mail, ou encore son adresse IP.<\/span><\/li><\/ul><\/li><\/ul><ul><li style=\"list-style-type: none;\"><ul><li><span style=\"color: #404040; font-size: 16px; font-family: Roboto;\">Quels sont les droits des utilisateurs concernant ces donn\u00e9es ;<\/span><\/li><\/ul><\/li><\/ul><ul><li style=\"list-style-type: none;\"><ul><li><span style=\"color: #404040; font-size: 16px; font-family: Roboto;\">Qui est responsable du traitement des donn\u00e9es \u00e0 caract\u00e8re personnel collect\u00e9es et trait\u00e9es ;<\/span><\/li><\/ul><\/li><\/ul><ul><li style=\"list-style-type: none;\"><ul><li><span style=\"color: #404040; font-size: 16px; font-family: Roboto;\">A qui ces donn\u00e9es sont transmises<\/span><\/li><\/ul><\/li><\/ul><p><span style=\"font-family: Roboto;\"><span style=\"color: #404040;\">Cette politique de confidentialit\u00e9 compl\u00e8te les mentions l\u00e9gales que les utilisateurs peuvent consulter \u00e0 l\u2019adresse ci-apr\u00e8s\u00a0:<\/span><\/span><\/p><p><span style=\"font-family: Roboto;\"><span style=\"color: #404040;\">http:\/\/www.valandretriathlon.fr<\/span><\/span><\/p><p><span style=\"font-family: Roboto;\"><span style=\"color: #262626;\"><b>Introduction<\/b><\/span><\/span><\/p><p><span style=\"font-family: Roboto;\"><span style=\"color: #404040;\">Dans le cadre de son activit\u00e9, l\u2019association Val Andr\u00e9 Triathlon dont le si\u00e8ge social est situ\u00e9 au 34 bis rue des clos Grimault, 22370 Pl\u00e9neuf Val Andr\u00e9, est amen\u00e9e \u00e0 collecter et \u00e0 traiter des informations dont certaines sont qualifi\u00e9es de \u00ab\u00a0donn\u00e9es personnelles\u00a0\u00bb. Le Val Andr\u00e9 Triathlon attache une grande importance au respect de la vie priv\u00e9e, et n\u2019utilise que des donn\u00e9es de mani\u00e8re responsable et confidentielle et dans une finalit\u00e9 pr\u00e9cise.<\/span><\/span><\/p><p><span style=\"font-family: Roboto;\"><span style=\"color: #262626;\"><b>Donn\u00e9es personnelles<\/b><\/span><\/span><\/p><p><span style=\"font-family: Roboto;\"><span style=\"color: #404040;\">Sur le site web www.valandretriathlon.fr, il y a 2 types de donn\u00e9es susceptibles d\u2019\u00eatre recueillies :<\/span><\/span><\/p><ul><li style=\"list-style-type: none;\"><ul><li>\u00a0<\/li><\/ul><\/li><\/ul><p><span style=\"font-family: Roboto;\"><span style=\"color: #262626;\"><b>Les donn\u00e9es transmises directement<\/b><\/span><\/span><\/p><p><span style=\"font-family: Roboto;\"><span style=\"color: #404040;\">Ces donn\u00e9es sont celles que vous nous transmettez directement, via un formulaire de contact ou bien par contact direct par email. Sont obligatoires dans le formulaire de contact le champs \u00ab pr\u00e9nom et nom \u00bb, et \u00ab email \u00bb.<\/span><\/span><\/p><ul><li style=\"list-style-type: none;\"><ul><li>\u00a0<\/li><\/ul><\/li><\/ul><p><span style=\"font-family: Roboto;\"><span style=\"color: #262626;\"><b>Les donn\u00e9es collect\u00e9es automatiquement<\/b><\/span><\/span><\/p><p><span style=\"font-family: Roboto;\"><span style=\"color: #404040;\">Lors de vos visites, une fois votre consentement donn\u00e9, nous pouvons recueillir des informations de type \u00ab web analytics \u00bb relatives \u00e0 votre navigation, la dur\u00e9e de votre consultation, votre adresse IP, votre type et version de navigateur. La technologie utilis\u00e9e est le cookie.<\/span><\/span><\/p><p><span style=\"font-family: Roboto;\"><span style=\"color: #262626;\"><b>Utilisation des donn\u00e9es<\/b><\/span><\/span><\/p><p><span style=\"font-family: Roboto;\"><span style=\"color: #404040;\">Les donn\u00e9es que vous nous transmettez directement sont utilis\u00e9es dans le but de vous re-contacter et\/ou dans le cadre de la demande que vous nous faites. Les donn\u00e9es \u00ab web analytics \u00bb sont collect\u00e9es de forme anonyme (en enregistrant des adresses IP anonymes) par Google Analytics, et nous permettent de mesurer l&rsquo;audience de notre site web, les consultations et les \u00e9ventuelles erreurs afin d\u2019am\u00e9liorer constamment l\u2019exp\u00e9rience des utilisateurs. Ces donn\u00e9es sont utilis\u00e9es par le Val Andr\u00e9 Triathlon responsable du traitement des donn\u00e9es, et ne seront jamais c\u00e9d\u00e9es \u00e0 un tiers ni utilis\u00e9es \u00e0 d\u2019autres fins que celles d\u00e9taill\u00e9es ci-dessus. Les donn\u00e9es collect\u00e9es et trait\u00e9es sont exclusivement h\u00e9berg\u00e9es et trait\u00e9es en France.<\/span><\/span><\/p><p><span style=\"font-family: Roboto;\"><span style=\"color: #262626;\"><b>Base l\u00e9gale<\/b><\/span><\/span><\/p><p><span style=\"font-family: Roboto;\"><span style=\"color: #404040;\">Les donn\u00e9es personnelles ne sont collect\u00e9es qu\u2019apr\u00e8s consentement obligatoire de l\u2019utilisateur. Ce consentement est valablement recueilli (boutons et cases \u00e0 cocher), libre, clair et sans \u00e9quivoque.<\/span><\/span><\/p><p><span style=\"font-family: Roboto;\"><span style=\"color: #262626;\"><b>Dur\u00e9e de conservation<\/b><\/span><\/span><\/p><p><span style=\"font-family: Roboto;\"><span style=\"color: #404040;\">Les donn\u00e9es seront sauvegard\u00e9es durant une dur\u00e9e maximale de 3 ans.<\/span><\/span><\/p><p><span style=\"font-family: Roboto;\"><span style=\"color: #3b3838;\"><b>Cookies<\/b><\/span><\/span><\/p><p><span style=\"font-family: Roboto;\"><span style=\"color: #404040;\">Voici la liste des cookies utilis\u00e9es et leur objectif :<\/span><\/span><\/p><ul><li style=\"list-style-type: none;\"><ul><li><span style=\"color: #404040; font-size: 16px; font-family: Roboto;\">Cookies Google Analytics : Web analytics<\/span><\/li><\/ul><\/li><\/ul><ul><li style=\"list-style-type: none;\"><ul><li><span style=\"color: #404040; font-size: 16px; font-family: Roboto;\">[Nom du cookie] : Permet de garder en m\u00e9moire le fait que vous acceptez les cookies afin de ne plus vous importuner lors de votre prochaine visite.<\/span><\/li><\/ul><\/li><\/ul><p><span style=\"font-family: Roboto;\"><span style=\"color: #262626;\"><b>Vos droits concernant les donn\u00e9es personnelles<\/b><\/span><\/span><\/p><p><span style=\"font-family: Roboto;\"><span style=\"color: #404040;\">Vous avez le droit de consultation, demande de modification ou d\u2019effacement sur l\u2019ensemble de vos donn\u00e9es personnelles. Vous pouvez \u00e9galement retirer votre consentement au traitement de vos donn\u00e9es.<\/span><\/span><\/p><p><span style=\"font-family: Roboto;\"><span style=\"color: #262626;\"><b>Contact d\u00e9l\u00e9gu\u00e9 \u00e0 la protection des donn\u00e9es\u00a0:<\/b><\/span><\/span><\/p><p><span style=\"color: #404040;\"><span style=\"font-family: Roboto;\">Le responsable du traitement des donn\u00e9es peut \u00eatre contact\u00e9 par t\u00e9l\u00e9phone au 0648741187 ou par mail <\/span><\/span><span style=\"color: #0563c1;\"><u><a href=\"mailto:Benoitmanon@hotmail.fr\"><span style=\"color: #404040;\"><span style=\"font-family: Roboto;\">Benoitmanon@hotmail.fr<\/span><\/span><\/a><\/u><\/span><\/p><p><span style=\"font-family: Roboto;\"><span style=\"color: #404040;\">Le responsable du traitement des donn\u00e9es est charg\u00e9 de d\u00e9terminer les finalit\u00e9s et les moyens mis au service du traitement des donn\u00e9es \u00e0 caract\u00e8re personnel.<\/span><\/span><\/p><p><span style=\"font-family: Roboto;\"><span style=\"color: #404040;\">Le site dispose d\u2019un certificat SSL afin de garantir que les informations et le transfert des donn\u00e9es transitant par le site sont s\u00e9curis\u00e9s.<\/span><\/span><\/p><p><span style=\"font-family: Roboto;\"><span style=\"color: #404040;\">Un certificat SSL (\u00ab\u00a0Secure Socket Layer\u00a0\u00bb Certificate) a pour but de s\u00e9curiser les donn\u00e9es \u00e9chang\u00e9es entre l\u2019utilisateur et le site. <\/span><\/span><\/p><p><span style=\"font-family: Roboto;\"><span style=\"color: #262626;\"><b>Conditions de modification de la politique de confidentialit\u00e9<\/b><\/span><\/span><\/p><p><span style=\"font-family: Roboto;\"><span style=\"color: #404040;\">La pr\u00e9sente politique de confidentialit\u00e9 peut \u00eatre consult\u00e9e \u00e0 tout moment \u00e0 l\u2019adresse ci-apr\u00e8s indiqu\u00e9e\u00a0: https\/\/www.valandretriathlon.fr<\/span><\/span><\/p><p><span style=\"font-family: Roboto;\"><span style=\"color: #404040;\">L\u2019\u00e9diteur du site se r\u00e9serve le droit de la modifier afin de garantir sa conformit\u00e9 avec le droit en vigueur.<\/span><\/span><\/p><p><span style=\"font-family: Roboto;\"><span style=\"color: #404040;\">Par cons\u00e9quent, l\u2019utilisateur est invit\u00e9 \u00e0 venir consulter r\u00e9guli\u00e8rement cette politique de confidentialit\u00e9 afin de se tenir inform\u00e9 des derniers changements qui lui seront apport\u00e9s.<\/span><\/span><\/p><p><span style=\"font-family: Roboto;\"><span style=\"color: #404040;\">Il est port\u00e9 \u00e0 la connaissance de l\u2019utilisateur que la derni\u00e8re mise \u00e0 jour de la pr\u00e9sente politique de confidentialit\u00e9 est intervenue le\u00a0: 10\/05\/2021<\/span><\/span><\/p>\t\t\t\t\t\t<\/div>\n\t\t\t\t<\/div>\n\t\t\t\t\t<\/div>\n\t\t<\/div>\n\t\t\t\t\t\t\t<\/div>\n\t\t<\/section>\n\t\t\t\t\t\t\t<\/div>\n\t\t","protected":false},"excerpt":{"rendered":"<p>Politique de confidentialit\u00e9 Politique de confidentialit\u00e9 du site www.valandretriathlon.fr Pr\u00e9ambule Cette politique de confidentialit\u00e9 s\u2019applique au site\u00a0: www.valandretriathlon.fr La pr\u00e9sente politique de confidentialit\u00e9 a pour but d\u2019exposer aux utilisateur du [&hellip;]<\/p>\n","protected":false},"author":1,"featured_media":0,"parent":0,"menu_order":0,"comment_status":"closed","ping_status":"closed","template":"","meta":{"_mi_skip_tracking":false,"ngg_post_thumbnail":0,"footnotes":""},"class_list":["post-48","page","type-page","status-publish","hentry","entry"],"yoast_head":"<!-- This site is optimized with the Yoast SEO plugin v19.14 - https:\/\/yoast.com\/wordpress\/plugins\/seo\/ -->\n<title>Politique de Confidentialit\u00e9 - Val-Andr\u00e9 Triathlon<\/title>\n<meta name=\"robots\" content=\"index, follow, max-snippet:-1, max-image-preview:large, max-video-preview:-1\" \/>\n<link rel=\"canonical\" href=\"https:\/\/valandretriathlon.fr\/index.php\/politique-de-confidentialite\/\" \/>\n<meta property=\"og:locale\" content=\"fr_FR\" \/>\n<meta property=\"og:type\" content=\"article\" \/>\n<meta property=\"og:title\" content=\"Politique de Confidentialit\u00e9 - Val-Andr\u00e9 Triathlon\" \/>\n<meta property=\"og:description\" content=\"Politique de confidentialit\u00e9 Politique de confidentialit\u00e9 du site www.valandretriathlon.fr Pr\u00e9ambule Cette politique de confidentialit\u00e9 s\u2019applique au site\u00a0: www.valandretriathlon.fr La pr\u00e9sente politique de confidentialit\u00e9 a pour but d\u2019exposer aux utilisateur du [&hellip;]\" \/>\n<meta property=\"og:url\" content=\"https:\/\/valandretriathlon.fr\/index.php\/politique-de-confidentialite\/\" \/>\n<meta property=\"og:site_name\" content=\"Val-Andr\u00e9 Triathlon\" \/>\n<meta property=\"article:publisher\" content=\"https:\/\/www.facebook.com\/Triathlon-du-Val-Andr%c3%a9-Club-VAT-1078151422269554\/\" \/>\n<meta property=\"article:modified_time\" content=\"2021-05-10T13:14:24+00:00\" \/>\n<meta name=\"twitter:card\" content=\"summary_large_image\" \/>\n<meta name=\"twitter:label1\" content=\"Dur\u00e9e de lecture estim\u00e9e\" \/>\n\t<meta name=\"twitter:data1\" content=\"4 minutes\" \/>\n<script type=\"application\/ld+json\" class=\"yoast-schema-graph\">{\"@context\":\"https:\/\/schema.org\",\"@graph\":[{\"@type\":\"WebPage\",\"@id\":\"https:\/\/valandretriathlon.fr\/index.php\/politique-de-confidentialite\/\",\"url\":\"https:\/\/valandretriathlon.fr\/index.php\/politique-de-confidentialite\/\",\"name\":\"Politique de Confidentialit\u00e9 - Val-Andr\u00e9 Triathlon\",\"isPartOf\":{\"@id\":\"https:\/\/valandretriathlon.fr\/#website\"},\"datePublished\":\"2021-04-03T11:27:10+00:00\",\"dateModified\":\"2021-05-10T13:14:24+00:00\",\"breadcrumb\":{\"@id\":\"https:\/\/valandretriathlon.fr\/index.php\/politique-de-confidentialite\/#breadcrumb\"},\"inLanguage\":\"fr-FR\",\"potentialAction\":[{\"@type\":\"ReadAction\",\"target\":[\"https:\/\/valandretriathlon.fr\/index.php\/politique-de-confidentialite\/\"]}]},{\"@type\":\"BreadcrumbList\",\"@id\":\"https:\/\/valandretriathlon.fr\/index.php\/politique-de-confidentialite\/#breadcrumb\",\"itemListElement\":[{\"@type\":\"ListItem\",\"position\":1,\"name\":\"Accueil\",\"item\":\"https:\/\/valandretriathlon.fr\/\"},{\"@type\":\"ListItem\",\"position\":2,\"name\":\"Politique de Confidentialit\u00e9\"}]},{\"@type\":\"WebSite\",\"@id\":\"https:\/\/valandretriathlon.fr\/#website\",\"url\":\"https:\/\/valandretriathlon.fr\/\",\"name\":\"Val-Andr\u00e9 Triathlon\",\"description\":\"Venez rejoindre le Club et l&#039;\u00e9v\u00e8nement\",\"publisher\":{\"@id\":\"https:\/\/valandretriathlon.fr\/#organization\"},\"potentialAction\":[{\"@type\":\"SearchAction\",\"target\":{\"@type\":\"EntryPoint\",\"urlTemplate\":\"https:\/\/valandretriathlon.fr\/?s={search_term_string}\"},\"query-input\":\"required name=search_term_string\"}],\"inLanguage\":\"fr-FR\"},{\"@type\":\"Organization\",\"@id\":\"https:\/\/valandretriathlon.fr\/#organization\",\"name\":\"Val-Andr\u00e9 Triathlon\",\"url\":\"https:\/\/valandretriathlon.fr\/\",\"logo\":{\"@type\":\"ImageObject\",\"inLanguage\":\"fr-FR\",\"@id\":\"https:\/\/valandretriathlon.fr\/#\/schema\/logo\/image\/\",\"url\":\"https:\/\/valandretriathlon.fr\/wp-content\/uploads\/2022\/12\/logoheader.jpg\",\"contentUrl\":\"https:\/\/valandretriathlon.fr\/wp-content\/uploads\/2022\/12\/logoheader.jpg\",\"width\":201,\"height\":45,\"caption\":\"Val-Andr\u00e9 Triathlon\"},\"image\":{\"@id\":\"https:\/\/valandretriathlon.fr\/#\/schema\/logo\/image\/\"},\"sameAs\":[\"https:\/\/www.instagram.com\/valandretriathlon\/\",\"https:\/\/www.facebook.com\/Triathlon-du-Val-Andr\u00e9-Club-VAT-1078151422269554\/\"]}]}<\/script>\n<!-- \/ Yoast SEO plugin. -->","yoast_head_json":{"title":"Politique de Confidentialit\u00e9 - Val-Andr\u00e9 Triathlon","robots":{"index":"index","follow":"follow","max-snippet":"max-snippet:-1","max-image-preview":"max-image-preview:large","max-video-preview":"max-video-preview:-1"},"canonical":"https:\/\/valandretriathlon.fr\/index.php\/politique-de-confidentialite\/","og_locale":"fr_FR","og_type":"article","og_title":"Politique de Confidentialit\u00e9 - Val-Andr\u00e9 Triathlon","og_description":"Politique de confidentialit\u00e9 Politique de confidentialit\u00e9 du site www.valandretriathlon.fr Pr\u00e9ambule Cette politique de confidentialit\u00e9 s\u2019applique au site\u00a0: www.valandretriathlon.fr La pr\u00e9sente politique de confidentialit\u00e9 a pour but d\u2019exposer aux utilisateur du [&hellip;]","og_url":"https:\/\/valandretriathlon.fr\/index.php\/politique-de-confidentialite\/","og_site_name":"Val-Andr\u00e9 Triathlon","article_publisher":"https:\/\/www.facebook.com\/Triathlon-du-Val-Andr%c3%a9-Club-VAT-1078151422269554\/","article_modified_time":"2021-05-10T13:14:24+00:00","twitter_card":"summary_large_image","twitter_misc":{"Dur\u00e9e de lecture estim\u00e9e":"4 minutes"},"schema":{"@context":"https:\/\/schema.org","@graph":[{"@type":"WebPage","@id":"https:\/\/valandretriathlon.fr\/index.php\/politique-de-confidentialite\/","url":"https:\/\/valandretriathlon.fr\/index.php\/politique-de-confidentialite\/","name":"Politique de Confidentialit\u00e9 - Val-Andr\u00e9 Triathlon","isPartOf":{"@id":"https:\/\/valandretriathlon.fr\/#website"},"datePublished":"2021-04-03T11:27:10+00:00","dateModified":"2021-05-10T13:14:24+00:00","breadcrumb":{"@id":"https:\/\/valandretriathlon.fr\/index.php\/politique-de-confidentialite\/#breadcrumb"},"inLanguage":"fr-FR","potentialAction":[{"@type":"ReadAction","target":["https:\/\/valandretriathlon.fr\/index.php\/politique-de-confidentialite\/"]}]},{"@type":"BreadcrumbList","@id":"https:\/\/valandretriathlon.fr\/index.php\/politique-de-confidentialite\/#breadcrumb","itemListElement":[{"@type":"ListItem","position":1,"name":"Accueil","item":"https:\/\/valandretriathlon.fr\/"},{"@type":"ListItem","position":2,"name":"Politique de Confidentialit\u00e9"}]},{"@type":"WebSite","@id":"https:\/\/valandretriathlon.fr\/#website","url":"https:\/\/valandretriathlon.fr\/","name":"Val-Andr\u00e9 Triathlon","description":"Venez rejoindre le Club et l&#039;\u00e9v\u00e8nement","publisher":{"@id":"https:\/\/valandretriathlon.fr\/#organization"},"potentialAction":[{"@type":"SearchAction","target":{"@type":"EntryPoint","urlTemplate":"https:\/\/valandretriathlon.fr\/?s={search_term_string}"},"query-input":"required name=search_term_string"}],"inLanguage":"fr-FR"},{"@type":"Organization","@id":"https:\/\/valandretriathlon.fr\/#organization","name":"Val-Andr\u00e9 Triathlon","url":"https:\/\/valandretriathlon.fr\/","logo":{"@type":"ImageObject","inLanguage":"fr-FR","@id":"https:\/\/valandretriathlon.fr\/#\/schema\/logo\/image\/","url":"https:\/\/valandretriathlon.fr\/wp-content\/uploads\/2022\/12\/logoheader.jpg","contentUrl":"https:\/\/valandretriathlon.fr\/wp-content\/uploads\/2022\/12\/logoheader.jpg","width":201,"height":45,"caption":"Val-Andr\u00e9 Triathlon"},"image":{"@id":"https:\/\/valandretriathlon.fr\/#\/schema\/logo\/image\/"},"sameAs":["https:\/\/www.instagram.com\/valandretriathlon\/","https:\/\/www.facebook.com\/Triathlon-du-Val-Andr\u00e9-Club-VAT-1078151422269554\/"]}]}},"_links":{"self":[{"href":"https:\/\/valandretriathlon.fr\/index.php\/wp-json\/wp\/v2\/pages\/48","targetHints":{"allow":["GET"]}}],"collection":[{"href":"https:\/\/valandretriathlon.fr\/index.php\/wp-json\/wp\/v2\/pages"}],"about":[{"href":"https:\/\/valandretriathlon.fr\/index.php\/wp-json\/wp\/v2\/types\/page"}],"author":[{"embeddable":true,"href":"https:\/\/valandretriathlon.fr\/index.php\/wp-json\/wp\/v2\/users\/1"}],"replies":[{"embeddable":true,"href":"https:\/\/valandretriathlon.fr\/index.php\/wp-json\/wp\/v2\/comments?post=48"}],"version-history":[{"count":4,"href":"https:\/\/valandretriathlon.fr\/index.php\/wp-json\/wp\/v2\/pages\/48\/revisions"}],"predecessor-version":[{"id":530,"href":"https:\/\/valandretriathlon.fr\/index.php\/wp-json\/wp\/v2\/pages\/48\/revisions\/530"}],"wp:attachment":[{"href":"https:\/\/valandretriathlon.fr\/index.php\/wp-json\/wp\/v2\/media?parent=48"}],"curies":[{"name":"wp","href":"https:\/\/api.w.org\/{rel}","templated":true}]}}